{"id":112,"date":"2019-10-20T19:58:29","date_gmt":"2019-10-20T17:58:29","guid":{"rendered":"http:\/\/7mmc2020.smm.org.mk\/?page_id=112"},"modified":"2023-06-16T13:32:31","modified_gmt":"2023-06-16T11:32:31","slug":"participants","status":"publish","type":"page","link":"https:\/\/congress.smm.org.mk\/?page_id=112&lang=en","title":{"rendered":"Participants"},"content":{"rendered":"\n<h2 class=\"has-medium-font-size\">Invited Participants<\/h2>\n\n\n\n<figure class=\"wp-block-table\"><table><tbody><tr><td><strong>First Name<\/strong><\/td><td><strong>Last Name<\/strong><\/td><td><strong>Affiliation<\/strong><\/td><\/tr><tr><td>Stevan<\/td><td>Pilipovic<\/td><td>&nbsp;Serbian Academy of Sciences and Arts<\/td><\/tr><tr><td>Kostadin<\/td><td>Trencevski<\/td><td>&nbsp;Ss. Cyril and Methodius University in Skopje<\/td><\/tr><tr><td>Violeta<\/td><td>Vasilevska<\/td><td>&nbsp;UVU University<\/td><\/tr><\/tbody><\/table><\/figure>\n\n\n\n<h2 class=\"has-medium-font-size\">Participants<\/h2>\n\n\n\n<div class=\"wp-container-1 wp-block-group\"><div class=\"wp-block-group__inner-container\">\n<figure class=\"wp-block-table\"><table><tbody><tr><td><strong>First Name<\/strong><\/td><td><strong>Last Name<\/strong><\/td><td><strong>Affiliation<\/strong><\/td><\/tr><tr><td>Anatolij<\/td><td>Prykarpatski<\/td><td>Cracow University of Technology<\/td><\/tr><tr><td>M\u00e1ria<\/td><td>\u017dd\u00edmalov\u00e1<\/td><td>Slovak University of Technology in Bratislava, Faculty of Civil Engineering<\/td><\/tr><tr><td>Ewa<\/td><td>J\u00f3wko<\/td><td>Siedlce University of Natural Sciences and Humanities<\/td><\/tr><tr><td>Anna<\/td><td>Klim-Klimaszewska<\/td><td>Siedlce University of Natural Sciences and Humanities<\/td><\/tr><tr><td>Sabina<\/td><td>Wieruszewska-Duraj<\/td><td>Siedlce University of Natural Sciences and Humanities<\/td><\/tr><tr><td>Ma\u0142gorzata<\/td><td>Wi\u015bniewska<\/td><td>Siedlce University of Natural Sciences and Humanities<\/td><\/tr><tr><td>Blagoja<\/td><td>Nojkov<\/td><td>Faculty of Natural Sciences and Mathematics<\/td><\/tr><tr><td>Vesna<\/td><td>Celakoska-Jordanova<\/td><td>Ss. Cyril And Methodius University, Faculty of Natural Sciences and Mathematics, Skopje<\/td><\/tr><tr><td>\u0411\u043b\u0430\u0433\u0438\u0446\u0430<\/td><td>\u041c\u0438\u043b\u0438\u0441\u043e\u0432\u0430<\/td><td>\u041e\u041e\u0423 \u0411\u0440\u0430\u045c\u0430 \u041c\u0438\u043b\u0430\u0434\u0438\u043d\u043e\u0432\u0446\u0438 \u041f\u0440\u043e\u0431\u0438\u0448\u0442\u0438\u043f<\/td><\/tr><tr><td>Seher<\/td><td>Kaya<\/td><td>Ankara University<\/td><\/tr><tr><td>\u0412\u0438\u043b\u043c\u0430<\/td><td>\u0418\u043b\u0438\u0435\u0432\u0441\u043a\u0430<\/td><td>\u0421\u041e\u0423 \u201e\u041a\u043e\u043b\u0435 \u041d\u0435\u0445\u0442\u0435\u043d\u0438\u043d\u201c, \u0428\u0442\u0438\u043f<\/td><\/tr><tr><td>\u0416\u0430\u043a\u043b\u0438\u043d\u0430<\/td><td>\u0410\u0442\u043e\u0432\u0430<\/td><td>\u0421\u041e\u0423 \u201e\u041a\u043e\u043b\u0435 \u041d\u0435\u0445\u0442\u0435\u043d\u0438\u043d\u201c, \u0428\u0442\u0438\u043f<\/td><\/tr><tr><td>\u0414\u0430\u043d\u0438\u0435\u043b\u0430<\/td><td>\u0421\u0442\u043e\u0458\u0430\u043d\u043e\u0432\u0441\u043a\u0430<\/td><td>\u041e\u041e\u0423 \u201e\u0425\u0440\u0438\u0441\u0442\u0438\u0458\u0430\u043d \u041a\u0430\u0440\u043f\u043e\u0448\u201c, \u041a\u0443\u043c\u0430\u043d\u043e\u0432\u043e<\/td><\/tr><tr><td>\u0415\u043c\u0438\u043b\u0438\u0458\u0430<\/td><td>\u041d\u0438\u043a\u043e\u043b\u043e\u0432\u0441\u043a\u0430<\/td><td>\u041c\u0430\u0442\u0435\u043c\u0430\u0442\u0438\u0447\u043a\u043e-\u0438\u043d\u0444\u043e\u0440\u043c\u0430\u0442\u0438\u0447\u043a\u0430 \u0433\u0438\u043c\u043d\u0430\u0437\u0438\u0458\u0430, \u0421\u043a\u043e\u043f\u0458\u0435<\/td><\/tr><tr><td>Jurica<\/td><td>Peri\u0107<\/td><td>Faculty of Science, University of Split<\/td><\/tr><tr><td>\u0416\u0438\u0432\u043a\u043e<\/td><td>\u0410\u043d\u0433\u0435\u043b\u043e\u0432\u0441\u043a\u0438<\/td><td>\u041e\u041e\u0423 \u201c\u041d\u0438\u043a\u043e\u043b\u0430 \u041a\u0430\u0440\u0435\u0432\u201d \u041f\u0440\u043e\u0431\u0438\u0448\u0442\u0438\u043f<\/td><\/tr><tr><td>Valentina<\/td><td>Miovska<\/td><td>Ss Cyril and Methodius University in Skopje, Faculty of Natural Sciences and Mathematics, Skopje<\/td><\/tr><tr><td>Astrit<\/td><td>Ferizi<\/td><td>University of Prishtina, Faculty of Mathematical and Natural Sciences, Prishtina, Ss. Cyril and Methodius University, Skopje<\/td><\/tr><tr><td>Risto<\/td><td>Atanasov<\/td><td>Western Carolina University<\/td><\/tr><tr><td>Shkumbin<\/td><td>Makolli<\/td><td>University of Prishtina<\/td><\/tr><tr><td>Tomi<\/td><td>Dimovski<\/td><td>Ss. Cyril and Methodius University, Faculty of Mechanical Engineering, Skopje<\/td><\/tr><tr><td>Elena<\/td><td>Hadzieva<\/td><td>University of Information Science and Technology \u201cSt. Paul the Apostle\u201d<\/td><\/tr><tr><td>Katerina<\/td><td>Hadzi-Velkova Saneva<\/td><td>Ss. Cyril and Methodius University in Skopje, Faculty of Electrical Engineering and Information Technologies, Skopje<\/td><\/tr><tr><td>Verica<\/td><td>Bakeva<\/td><td>Ss. Cyril and Methodius University in Skopje, Faculty of Computer Science and Engineering<\/td><\/tr><tr><td>Irem<\/td><td>Ero\u011flu<\/td><td>Ordu University<\/td><\/tr><tr><td>\u0417\u043e\u0440\u0430\u043d<\/td><td>\u0428\u0442\u0435\u0440\u0458\u043e\u0432<\/td><td>\u0421\u041e\u0423 \u201e\u041d\u0430\u0443\u043c \u041d\u0430\u0443\u043c\u043e\u0432\u0441\u043a\u0438 \u2013 \u0411\u043e\u0440\u0447\u0435 \u201d<\/td><\/tr><tr><td>Milanka<\/td><td>Garda\u0161evi\u0107-Filipovi\u0107<\/td><td>School of Computing, University Union, Belgrade<\/td><\/tr><tr><td>\u0425\u0440\u0438\u0441\u0442\u0438\u043d\u0430<\/td><td>\u041c\u0438\u0442\u0440\u0435\u0441\u043a\u0430<\/td><td>\u041f\u0440\u0438\u0440\u043e\u0434\u043d\u043e-\u043c\u0430\u0442\u0435\u043c\u0430\u0442\u0438\u0447\u043a\u0438 \u0444\u0430\u043a\u0443\u043b\u0442\u0435\u0442 \u2013 \u0421\u043a\u043e\u043f\u0458\u0435<\/td><\/tr><tr><td>\u0414\u0443\u0458\u0433\u0443<\/td><td>\u0420\u0435\u0447\u0430\u043d\u0438<\/td><td>Mariff International School &#8211; Brvenica<\/td><\/tr><tr><td>\u0408\u0430\u043a\u0438\u043c<\/td><td>\u0420\u0438\u0441\u0442\u043e\u0432\u0441\u043a\u0438<\/td><td>\u041e\u041e\u0423 \u201e\u0411\u0440\u0430\u045c\u0430 \u041c\u0438\u043b\u0430\u0434\u0438\u043d\u043e\u0432\u0446\u0438\u201c &#8211; \u0441 . \u041c\u0438\u043b\u0430\u0434\u0438\u043d\u043e\u0432\u0446\u0438<\/td><\/tr><tr><td>Aneta<\/td><td>Gacovska &#8211; Barandovska<\/td><td>University Ss. Cyril and Methodius in Skopje, Faculty of Natural Science and Mathematics<\/td><\/tr><tr><td>Dijana<\/td><td>Mosi\u0107<\/td><td>Faculty of Sciences and Mathematics, University of Ni\u0161, Ni\u0161<\/td><\/tr><tr><td>Predrag<\/td><td>Popovi\u0107<\/td><td>University of Ni\u0161, Faculty of Civil Engineering and Architecture<\/td><\/tr><tr><td>Merita<\/td><td>Bajrami<\/td><td>Univeristy of Tetovo<\/td><\/tr><tr><td>\u041b\u0438\u0434\u0438\u0458\u0430<\/td><td>\u041a\u043e\u043d\u0434\u0438\u043d\u0441\u043a\u0430<\/td><td>\u0411\u0438\u0440\u043e \u0437\u0430 \u0440\u0430\u0437\u0432\u043e\u0458 \u043d\u0430 \u043e\u0431\u0440\u0430\u0437\u043e\u0432\u0430\u043d\u0438\u0435\u0442\u043e &#8211; \u0411\u0438\u0442\u043e\u043b\u0430<\/td><\/tr><tr><td>Viktorija<\/td><td>Ilieska<\/td><td>Primary school \u201cKole Nedelkovski\u201d- Centar, Skopje<\/td><\/tr><tr><td>Stevo<\/td><td>Gjorgiev<\/td><td>Ss. Cyril And Methodius University, Faculty of Natural Sciences and Mathematics, Skopje<\/td><\/tr><tr><td>\u0421\u043d\u0435\u0436\u0430\u043d\u0430<\/td><td>\u0420\u0438\u0441\u0442\u043e\u0432\u0441\u043a\u0430<\/td><td>\u041e\u0423 \u201e \u0414\u0430\u043c\u0435 \u0413\u0440\u0443\u0435\u0432\u201c \u0411\u0438\u0442\u043e\u043b\u0430<\/td><\/tr><tr><td>\u0414\u0430\u043d\u0438\u0435\u043b\u0430<\/td><td>\u0422\u0430\u0447\u0435\u0432\u0441\u043a\u0430 \u041d\u0438\u043a\u043e\u043b\u043e\u0432<\/td><td>\u0411\u0438\u0440\u043e \u0437\u0430 \u0440\u0430\u0437\u0432\u043e\u0458 \u043d\u0430 \u043e\u0431\u0440\u0430\u0437\u043e\u0432\u0430\u043d\u0438\u0435\u0442\u043e<\/td><\/tr><tr><td>Ankica<\/td><td>Spasova<\/td><td>Primary school \u201cTihomir Miloshevski\u201d- Gjorce Petrov, Skopje<\/td><\/tr><tr><td>Metodija<\/td><td>Jancheski<\/td><td>Faculty of Computer Science and Engineering, University Ss. Cyril and Methodius, Skopje<\/td><\/tr><tr><td>\u041c\u0438\u0440\u0430<\/td><td>\u0422\u0430\u0448\u043a\u043e\u0432\u0430<\/td><td>\u0421\u0421\u041e\u0423\u201e \u041a\u043e\u043b\u0435 \u041d\u0435\u0434\u0435\u043b\u043a\u043e\u0432\u0441\u043a\u0438\u201c \u0412\u0435\u043b\u0435\u0441<\/td><\/tr><tr><td>Angela<\/td><td>Angeleska<\/td><td>University of Tampa<\/td><\/tr><tr><td>Sonja<\/td><td>Man\u010devska<\/td><td>University &#8220;Ss. Kliment Ohridski&#8221; \u2013 Bitola, Faculty of Information and Communication Technologies<\/td><\/tr><tr><td>Lidija<\/td><td>Gora\u010dinova-Ilieva<\/td><td>Faculty of Computer Science, University of Skopje<\/td><\/tr><tr><td>Valentina<\/td><td>Gogovska<\/td><td>University Ss. Cyril and Methodius in Skopje, Faculty of Natural Science and Mathematics<\/td><\/tr><tr><td>Dunja<\/td><td>Stojanovi\u0107<\/td><td>The Academy of Applied Technical and Preschool Studies<\/td><\/tr><tr><td>Filip<\/td><td>Toni\u0107<\/td><td>&nbsp;<\/td><\/tr><tr><td>Dragana<\/td><td>Garda\u0161evi\u0107<\/td><td>The Academy of Technical Studies Belgrade<\/td><\/tr><tr><td>Elena<\/td><td>Kotevska<\/td><td>Faculty of Technical Sciences, Bitola<\/td><\/tr><tr><td>Sonja<\/td><td>Calamani<\/td><td>Faculty of Technical Sciences, Bitola<\/td><\/tr><tr><td>Marzanna<\/td><td>Seweryn-Kuzmanovska<\/td><td>Faculty of Pedagogy, Bitola<\/td><\/tr><tr><td>Merita<\/td><td>Ajdini<\/td><td>Faculty of Pedagogy, Bitola<\/td><\/tr><tr><td>\u041b\u0435\u043d\u0447\u0435<\/td><td>\u0421\u0442\u043e\u0458\u0430\u043d\u043e\u0432\u0430<\/td><td>\u041e\u041e\u0423 ,,\u041f\u0435\u0440\u0435 \u0422\u043e\u0448\u0435\u0432\u201c- \u0420\u043e\u0441\u043e\u043c\u0430\u043d<\/td><\/tr><tr><td>\u0411\u043e\u0440\u0447\u0435<\/td><td>\u0408\u043e\u0448\u0435\u0432\u0441\u043a\u0438<\/td><td>\u0421\u0415\u041f\u0423\u0413\u0421 \u201e\u0412\u0430\u0441\u0438\u043b \u0410\u043d\u0442\u0435\u0432\u0441\u043a\u0438 \u2013 \u0414\u0440\u0435\u043d\u201c, \u0421\u043a\u043e\u043f\u0458\u0435<\/td><\/tr><tr><td>Violeta<\/td><td>Angjelkoska<\/td><td>American University of Europe \u2013 FON, Faculty of Informatics<\/td><\/tr><tr><td>Delcho<\/td><td>Leshkovski<\/td><td>International Balkan University, Skopje, Republic of North Macedonia<\/td><\/tr><tr><td>Marija<\/td><td>Mihova<\/td><td>Ss. Cyril and Methodius Universitu, FINKI<\/td><\/tr><tr><td>\u0412\u043e\u0458\u0438\u0441\u043b\u0430\u0432<\/td><td>\u0410\u043d\u0434\u0440\u0438\u045b<\/td><td>\u041c\u0430\u0442\u0435\u043c\u0430\u0442\u0438\u0447\u043a\u0438 \u043a\u043b\u0443\u0431 \u201e\u0414\u0438\u043e\u0444\u0430\u043d\u0442\u201c \u2013 \u0412\u0430\u0459\u0435\u0432\u043e, \u0421\u0440\u0431\u0438\u0458a<\/td><\/tr><tr><td>Irena<\/td><td>Stojkovska<\/td><td>Institute of Mathematics, Faculty of Natural Sciences and Mathematics, Ss Cyril and Methodius University in Skopje<\/td><\/tr><tr><td>\u0415rblina<\/td><td>Zeqiri<\/td><td>Ss. Cyril And Methodius University, Faculty of Natural Sciences and Mathematics, Skopje<\/td><\/tr><tr><td>Don\u010do<\/td><td>Dimovski<\/td><td>Macedonian Academy of Sciences and Arts, Skopje<\/td><\/tr><tr><td>\u0421\u0430\u0448\u043a\u0430<\/td><td>\u041c\u043b\u0430\u0434\u0435\u043d\u043e\u0432\u0441\u043a\u0430<\/td><td>\u0421\u041e\u0423 \u0403\u043e\u0440\u0447\u0435 \u041f\u0435\u0442\u0440\u043e\u0432<\/td><\/tr><tr><td>\u0412\u0435\u0441\u043d\u0430<\/td><td>\u0414\u0438\u043c\u043e\u0441\u043a\u0430<\/td><td>\u0420\u0426\u0421\u041e\u041e \u0414\u0421\u0423\u201e \u0412\u0430\u043d\u0447\u043e \u041f\u0438\u0442\u043e\u0448\u0435\u0441\u043a\u0438\u201c &#8211; \u041e\u0445\u0440\u0438\u0434<\/td><\/tr><tr><td>\u0421\u043e\u045a\u0430<br><br><\/td><td>\u0413\u0435\u0433\u043e\u0432\u0441\u043a\u0430 &#8211; \u0417\u0430\u0458\u043a\u043e\u0432\u0430<\/td><td>Ss. Cyril and Methodius University in Skopje, Faculty of Electrical Engineering and Information Technologies, Skopje<\/td><\/tr><tr><td>\u041e\u043b\u0438\u0432\u0435\u0440<br><br><\/td><td>\u0417\u0430\u0458\u043a\u043e\u0432<\/td><td>University Ss. Cyril and Methodius in Skopje, Faculty of Natural Science and Mathematics<\/td><\/tr><tr><td>Gjorgi<\/td><td>Markoski<\/td><td>Ss. Cyril And Methodius University, Faculty of Natural Sciences and Mathematics, Skopje<\/td><\/tr><tr><td>Jasmina<\/td><td>Markoska<\/td><td>SUGS \u201dGeorgi Dimitrov\u201d<\/td><\/tr><tr><td>Beti<\/td><td>Lameva<\/td><td>National Examination Center of North Macedonia,<\/td><\/tr><tr><td>Nikita<\/td><td>Shekutkovski<\/td><td>Ss. Cyril And Methodius University, Faculty of Natural Sciences and Mathematics, Skopje<\/td><\/tr><tr><td>Stefan<\/td><td>Mirchevski<\/td><td>Ss. Cyril And Methodius University, Faculty of Natural Sciences and Mathematics, Skopje<\/td><\/tr><tr><td>Filip<\/td><td>Nikolovski<\/td><td>University Ss. Cyril and Methodius in Skopje, Faculty of Mechanical Engineering<\/td><\/tr><tr><td>Admir<\/td><td>Huseini<\/td><td>Faculty of Natural Sciences and Mathematics, University of St. Cyril and Methodius<\/td><\/tr><tr><td>Filip<\/td><td>Mihov<\/td><td>University of Oxford, Computer Science Department, Oxford<\/td><\/tr><tr><td>\u0410\u043d\u0434\u0438\u0433\u043e\u043d\u0438<\/td><td>\u041c\u0438\u043b\u0435\u043d\u043a\u043e\u0432\u0441\u043a\u0430<\/td><td>\u0421\u0415\u0422\u0423\u0413\u0421 \u201e\u041c\u0438\u0445\u0430\u0458\u043b\u043e \u041f\u0443\u043f\u0438\u043d\u201c, \u0421\u043a\u043e\u043f\u0458\u0435<\/td><\/tr><tr><td>\u0413\u043e\u0440\u0434\u0430\u043d\u0430<\/td><td>\u0414\u0430\u043c\u0458\u0430\u043d\u043e\u0441\u043a\u0430<\/td><td>\u0421\u0415\u0422\u0423\u0413\u0421 \u201e\u041c\u0438\u0445\u0430\u0458\u043b\u043e \u041f\u0443\u043f\u0438\u043d\u201c, \u0421\u043a\u043e\u043f\u0458\u0435<\/td><\/tr><tr><td>Ana<\/td><td>Josimovska Nikolov<\/td><td>Ss. Cyril and Methodius University, Faculty of Electrical Engineering and Information Technologies, Skopje<\/td><\/tr><tr><td>Gordana<\/td><td>Nikolovska<\/td><td>High School of City of Skopje \u2018Georgi Dimitrov\u2019, Skopje<\/td><\/tr><tr><td>\u0416\u0430\u0440\u043a\u043e<br><\/td><td>\u0421\u043c\u043e\u043a\u0432\u043e\u0441\u043a\u0438<\/td><td>\u0421\u041e\u0423 \u201e\u041a\u0443\u0437\u043c\u0430\u043d \u0408\u043e\u0441\u0438\u0444\u043e\u0432\u0441\u043a\u0438 &#8211; \u041f\u0438\u0442\u0443\u201e &#8211; \u041f\u0440\u0438\u043b\u0435\u043f<\/td><\/tr><tr><td>Ana<\/td><td>Atanasova<\/td><td>Goce Delcev University, University of Aveiro<\/td><\/tr><tr><td>\u0411\u0438\u043b\u0458\u0430\u043d\u0430<\/td><td>\u0428\u0443\u043c\u0438\u043d\u043e\u0441\u043a\u0430<\/td><td>\u041e\u041e\u0423,,\u0421\u0432.\u041a\u043b\u0438\u043c\u0435\u043d\u0442 \u041e\u0445\u0440\u0438\u0434\u0441\u043a\u0438\u201d-\u041e\u0445\u0440\u0438\u0434<\/td><\/tr><tr><td>\u0412\u0430\u043b\u0435\u043d\u0442\u0438\u043d\u0430<\/td><td>\u041a\u0443\u0437\u043c\u0430\u043d\u043e\u0441\u043a\u0430<\/td><td>\u041e\u041e\u0423,,\u0421\u0432.\u041a\u043b\u0438\u043c\u0435\u043d\u0442 \u041e\u0445\u0440\u0438\u0434\u0441\u043a\u0438\u201d-\u041e\u0445\u0440\u0438\u0434<\/td><\/tr><tr><td>\u041d\u0430\u0442\u0430\u0448\u0430<\/td><td>\u0414\u0438\u043c\u0438\u0442\u0440\u043e\u0432\u0441\u043a\u0430<\/td><td>\u0421\u041e\u0423 \u0413\u0438\u043c\u043d\u0430\u0437\u0438\u0458\u0430,,\u0408\u043e\u0441\u0438\u043f \u0411\u0440\u043e\u0437-\u0422\u0438\u0442\u043e\u2019\u2019-\u0411\u0438\u0442\u043e\u043b\u0430<\/td><\/tr><tr><td>\u0412\u0435\u0441\u043d\u0430<\/td><td>\u0410\u0442\u0430\u043d\u0430\u0441\u043e\u0432\u0441\u043a\u0430<\/td><td>\u0421\u041e\u0423 \u0413\u0438\u043c\u043d\u0430\u0437\u0438\u0458\u0430,,\u0408\u043e\u0441\u0438\u043f \u0411\u0440\u043e\u0437-\u0422\u0438\u0442\u043e\u2019\u2019-\u0411\u0438\u0442\u043e\u043b\u0430<\/td><\/tr><tr><td>\u0414\u043e\u0431\u0440\u0438<br><\/td><td>\u0408\u043e\u0432\u0435\u0432\u0441\u043a\u0438<\/td><td>\u041e\u043f\u0448\u0442\u0438\u043d\u0441\u043a\u043e \u043e\u0441\u043d\u043e\u0432\u043d\u043e \u0443\u0447\u0438\u043b\u0438\u0448\u0442\u0435 \u201e\u0418\u043b\u0438\u043d\u0434\u0435\u043d\u201c \u041a\u0440\u0438\u0432\u0430 \u041f\u0430\u043b\u0430\u043d\u043a\u0430<\/td><\/tr><tr><td>Milo\u0161<br><\/td><td>Stojanovi\u0107<\/td><td>Akademija tehni\u010dko vaspita\u010dkih strukovnih studija \u2013 odsek Ni\u0161<\/td><\/tr><tr><td>Zoran<\/td><td>Misajleski<\/td><td>Ss. Cyril and Methodius University, Faculty of Civil Engeneering, Skopje<\/td><\/tr><tr><td>Dimitra<br><\/td><td>Karchicka<br><\/td><td>Ss. Cyril and Methodius University, Faculty of Natural Sciences and Mathematics, Skopje<\/td><\/tr><tr><td>Borko<br><br><\/td><td>Ilievski<\/td><td>Ss. Cyril and Methodius University, Faculty of Natural Sciences and Mathematics, Skopje<\/td><\/tr><tr><td>Lazo<br><\/td><td>Dimov<\/td><td>Ss. Cyril and Methodius University, Faculty of Mechanical Engineering, Skopje<\/td><\/tr><tr><td>Beti<br><\/td><td>Andonovic<br><\/td><td>Ss. Cyril and Methodius University, Faculty of Technology and Metallurgy, Skopje<\/td><\/tr><tr><td>Zoran<br><\/td><td>Hadzi &#8211; Velkov<\/td><td>Macedonian Academy of Sciences and Arts &amp; Ss. Cyril and Methodius University in Skopje<\/td><\/tr><tr><td>\u0421\u043b\u0430\u0453\u0430\u043d\u0430<\/td><td>\u041c\u0438\u0442\u0440\u0435\u0441\u043a\u0430<\/td><td>\u041e\u041e\u0423 \u201e\u0425\u0440\u0438\u0441\u0442\u043e \u0423\u0437\u0443\u043d\u043e\u0432\u201c \u2013 \u041e\u0445\u0440\u0438\u0434<\/td><\/tr><tr><td>\u0415\u043b\u0435\u043d\u0430<\/td><td>\u041c\u0438\u0445\u0430\u0458\u043b\u043e\u0432\u0430<\/td><td>\u041e\u041e\u0423 \u0410\u043b\u0435\u043a\u0441\u0430\u043d\u0434\u0430\u0440 \u041c\u0430\u043a\u0435\u0434\u043e\u043d\u0441\u043a\u0438<\/td><\/tr><tr><td>\u0422\u0430\u0442\u0458\u0430\u043d\u0430<br><\/td><td>\u0423\u0448\u0438\u043d\u043e\u0432\u0430<\/td><td>\u041e\u041e\u0423 \u201c\u0410\u043b\u0435\u043a\u0441\u0430\u043d\u0434\u0430\u0440 \u041c\u0430\u043a\u0435\u0434\u043e\u043d\u0441\u043a\u0438\u201d- \u043e.\u0410\u0435\u0440\u043e\u0434\u0440\u043e\u043c<\/td><\/tr><tr><td>\u041e\u043b\u0438\u0432\u0435\u0440<br><br><\/td><td>\u041f\u043e\u043f\u043e\u0432<\/td><td>Department of Computer and Systems Sciences (DSV), Stockholm University, Sweden<\/td><\/tr><tr><td>\u0411\u0438\u0459\u0430\u043d\u0430<\/td><td>\u0421\u0442\u0435\u0432\u0430\u043d\u043e\u0432\u0441\u043a\u0430<\/td><td>\u0421\u041e\u0423 \u201c\u0422\u0430\u043a\u0438 \u0414\u0430\u0441\u043a\u0430\u043b\u043e\u201d-\u0411\u0438\u0442\u043e\u043b\u0430<\/td><\/tr><\/tbody><\/table><\/figure>\n<\/div><\/div>\n","protected":false},"excerpt":{"rendered":"<p>Invited Participants First Name Last Name Affiliation Stevan Pilipovic &nbsp;Serbian Academy of Sciences and Arts Kostadin Trencevski &nbsp;Ss. Cyril and Methodius University in Skopje Violeta Vasilevska &nbsp;UVU University Participants First Name Last Name Affiliation Anatolij Prykarpatski Cracow University of Technology M\u00e1ria \u017dd\u00edmalov\u00e1 Slovak University of Technology in Bratislava, Faculty of Civil Engineering Ewa J\u00f3wko Siedlce &hellip; <a href=\"https:\/\/congress.smm.org.mk\/?page_id=112&#038;lang=en\" class=\"more-link\">Continue reading<span class=\"screen-reader-text\"> &#8220;Participants&#8221;<\/span><\/a><\/p>\n","protected":false},"author":1,"featured_media":0,"parent":61,"menu_order":0,"comment_status":"closed","ping_status":"closed","template":"","meta":[],"_links":{"self":[{"href":"https:\/\/congress.smm.org.mk\/index.php?rest_route=\/wp\/v2\/pages\/112"}],"collection":[{"href":"https:\/\/congress.smm.org.mk\/index.php?rest_route=\/wp\/v2\/pages"}],"about":[{"href":"https:\/\/congress.smm.org.mk\/index.php?rest_route=\/wp\/v2\/types\/page"}],"author":[{"embeddable":true,"href":"https:\/\/congress.smm.org.mk\/index.php?rest_route=\/wp\/v2\/users\/1"}],"replies":[{"embeddable":true,"href":"https:\/\/congress.smm.org.mk\/index.php?rest_route=%2Fwp%2Fv2%2Fcomments&post=112"}],"version-history":[{"count":66,"href":"https:\/\/congress.smm.org.mk\/index.php?rest_route=\/wp\/v2\/pages\/112\/revisions"}],"predecessor-version":[{"id":1176,"href":"https:\/\/congress.smm.org.mk\/index.php?rest_route=\/wp\/v2\/pages\/112\/revisions\/1176"}],"up":[{"embeddable":true,"href":"https:\/\/congress.smm.org.mk\/index.php?rest_route=\/wp\/v2\/pages\/61"}],"wp:attachment":[{"href":"https:\/\/congress.smm.org.mk\/index.php?rest_route=%2Fwp%2Fv2%2Fmedia&parent=112"}],"curies":[{"name":"wp","href":"https:\/\/api.w.org\/{rel}","templated":true}]}}