{"id":130,"date":"2019-10-20T20:02:45","date_gmt":"2019-10-20T18:02:45","guid":{"rendered":"http:\/\/7mmc2020.smm.org.mk\/?page_id=130"},"modified":"2023-06-09T12:44:51","modified_gmt":"2023-06-09T10:44:51","slug":"list-of-accepted-abstracts","status":"publish","type":"page","link":"https:\/\/congress.smm.org.mk\/?page_id=130&lang=en","title":{"rendered":"List of Accepted Abstracts"},"content":{"rendered":"\n<ol><li> Ewa\u00a0J\u00f3wko,\u00a0Early support for the development of a child with autism spectrum to mathematical activity<\/li><li>Anna Klim-Klimaszewska,\u00a0Constructing mathematical didactics games by children of preschool age<\/li><li>Sabina Wieruszewska-Duraj,\u00a0Constructivist strategies in teaching mathematics to children<\/li><li>Ma\u0142gorzata Wi\u015bniewska,\u00a0Reception of Friedrich Froebel&#8217;s concept in the mathematical education of preschool children in Poland<\/li><li>M\u00e1ria \u017dd\u00edmalov\u00e1,\u00a0Various mathematical techniques for analyzing of image data by mathematical models<\/li><li>Seher Kaya, Solution of the Bj\u00f6rling Problem for Spacelike Surfaces in L^4<\/li><li>Valentina Miovska, Delcho Leshkovski, Vesna Celakoska-Jordanova, Fuzzy ideals in (n+k, n)-semigroups<\/li><li>Jurica Peri\u0107, Generalization of the Levin-Ste\u010dkin inequality<\/li><li>Risto Atanasov, Boris Furtula, Riste\u00a0\u0160krekovski,\u00a0\u00a0Trees with minimum weighted Szeged index are of a large diameter<\/li><li>Shkumbin Makolli, Biljana Krstevska, A note regarding some fuzzy SSPO mappings<\/li><li>Tomi Dimovski,\u00a0Don\u010do Dimovski,\u00a0Common fixed point theorems for pairs of self-mappings on (3,2)-W-metrizable spaces\u00a0<\/li><li>Astrit Ferizi,\u00a0Katerina Hadzi-Velkova Saneva, The shearlet transform and asymptotic behavior of Lizorkin distributions<\/li><li>\u0130rem Ero\u011flu,\u00a0Some fixed point theorems for rational type contractions<\/li><li>Milanka Garda\u0161evi\u010b-Filipovi\u010b, Katarina Kuki\u010b, Dragana \u00a0Grada\u0161evi\u010b,\u00a0Best proximity point results in the orthogonal metric spaces<\/li><li>Dijana, Mosi\u0107,\u00a0Left and right G-outer inverses<\/li><li>Predrag Popovi\u0107,\u00a0Miroslav M. Risti\u0107, Milo\u0161\u00a0B. Stojanovi\u0107, Srdjan Jovkovi\u0107,\u00a0Some modifications of the autoregressive component in modeling non-negative time series of counts<\/li><li>Merita Bajrami, Don\u010do Dimovski, Violeta Angjelkovska,\u00a0 An algorithm for a class of (n,j,k)-good matrices related to numerical semigroups with embedding dimension 4<\/li><li>Verica Bakeva, Vesna Dimitrova, Aleksandra Popovska-Mitrovikj, Marija Petkovska,\u00a0Analysis of properties of some quasigroup equations<\/li><li>Stevo Gjorgiev, Aneta Gacovska-Barandovska, Determining value at risk using extreme value theory on a financial data set<\/li><li>Lidija Kondinska, Snezana Ristovska, Miqerem Rizai Memedi, Daniela Tacevska Nikolov, Reflective learning of mathematics teachers from the primary and secondary schools of the Republic of North Macedonia<\/li><li>Viktorija Ilieska, Ankica Spasova, Metodija Jancheski,\u00a0 &#8220;Are you ready?&#8221; \u2013 Generation Z is here<\/li><li>Viktorija Ilieska, Ankica Spasova, Metodija Jancheski,\u00a0\u00a0 Improving Mathematical Literacy with a Modification of the Thought Process through Critical Thinking, \u00a0Non- routine Problems and Motivation<\/li><li>Elena Kotevska, Marzanna Seweryn-Kuzmanovska, Sonja Chalamani, Merita Ajdini, Creating game for solving mathematical textual tasks<\/li><li>Valentina Gogovska, Textual tasks for empowering students thinking and understanding<\/li><li>Mira Tashkova, Zoran Trifunov, Visualization of elementary functions and their properties<\/li><li>Dragana\u00a0\u00a0Garda\u0161evi\u0107, History and applications of nonlinear eigenvalue problems<\/li><li>Violeta Angjelkoska,\u00a0Don\u010do Dimovski,\u00a0Irena Stojmenovska, Classes of Numerical Semigroups with Embedding Dimension 3: An algorithm for Computing the Frobenius Number<\/li><li>Smile Markovski, Lidija\u00a0Gora\u010dinova-Ilieva,\u00a0Introduction of the concept of probabilistic algebras<\/li><li>Angela Angeleska, Zoran Nikoloski,\u00a0\u00a0Clustering via Coherent Network Partition<\/li><li>Marija Mihova,\u00a0Matrix representation of Bilinear Multivariate Quadratic Quasigroups of order $2^n$<\/li><li>Sonja\u00a0Man\u010devska,\u00a0Marija Orov\u010danec, N-tuple orbits and n-tuple weak orbits tending to infinity<\/li><li>Dunja Stojanovi\u0107, Dijana Mosic, New generalizations of 1MP and MP1 inverses<\/li><li>Elena Hadzieva, Mathematics is Lovely<\/li><li>Vojislav Andri\u0107<strong>,\u00a0<\/strong>On the development of creativity in teaching mathematics<\/li><li>Beti Lameva, Sonja Gegovska-Zajkova, Jasmina Markoska, A Comprehensive Analysis of Students&#8217; Performance in the State Matura Mathematics Exam<\/li><li>Nikita Shekutkovski, Zoran Misajleski, Emin Durmishi, Chain Connectedness \u2013 a Homotopy and Shape Invariant<\/li><li>Stevo Gjorgiev, Erblina Zeqiri, Vesna Manova-Erakovik, Irena Stojkovska, Measuring and improving the level of statistical literacy of first-year undergraduate biology students<\/li><li>Stefan Mirchevski, Irena Stojkovska, Sensitivity analysis of stochastic (s,S) inventory model with Poisson demand process and exponential lifetimes<\/li><li>Filip Nikolovski, Irena Stojkovska, Scale Invariant Stochastic Gradient Method with Momentum<\/li><li>Ana Josimovska Nikolov, Sonja Gegovska-Zajkova,\u00a0Forecasting the inflation in the Republic of North Macedonia by using ARIMA model<\/li><li>Gordana Nikolovska, Irena Stojkovska, Optimization problems in high school classroom<\/li><li>Admir Huseini, Filip Mihov, Interpolation methods on triangular meshes<\/li><li>Ylldrita Salihi, Gjorgji Markoski, Aleksandar Gjurchinovski, Fractional Multistep Differential Transformation Method used to analyze a modified form of fractional order Lorenz system<\/li><li>Ana Atanasova, Limonka Koceva Lazarova, Petre Lameski, Time Series Analysis and Forecasting using ARIMA models<\/li><li>Dobri Jovevski, Tatjana A. Pachemska, Aleksandra Pesevska, Unlocking Mathematical Proficiency: Exploring Digital Platforms as Catalysts for Overcoming Learning Barriers<\/li><li>Valentina Kuzmanoska, Biljana Shuminoska, Solving realistic tasks with the help of mathematical modeling among 4th graders<\/li><li>Zoran Misajleski, Chain separatedness in a family covering space<\/li><\/ol>\n","protected":false},"excerpt":{"rendered":"<p>Ewa\u00a0J\u00f3wko,\u00a0Early support for the development of a child with autism spectrum to mathematical activity Anna Klim-Klimaszewska,\u00a0Constructing mathematical didactics games by children of preschool age Sabina Wieruszewska-Duraj,\u00a0Constructivist strategies in teaching mathematics to children Ma\u0142gorzata Wi\u015bniewska,\u00a0Reception of Friedrich Froebel&#8217;s concept in the mathematical education of preschool children in Poland M\u00e1ria \u017dd\u00edmalov\u00e1,\u00a0Various mathematical techniques for analyzing of image &hellip; <a href=\"https:\/\/congress.smm.org.mk\/?page_id=130&#038;lang=en\" class=\"more-link\">Continue reading<span class=\"screen-reader-text\"> &#8220;List of Accepted Abstracts&#8221;<\/span><\/a><\/p>\n","protected":false},"author":1,"featured_media":0,"parent":65,"menu_order":0,"comment_status":"closed","ping_status":"closed","template":"","meta":[],"_links":{"self":[{"href":"https:\/\/congress.smm.org.mk\/index.php?rest_route=\/wp\/v2\/pages\/130"}],"collection":[{"href":"https:\/\/congress.smm.org.mk\/index.php?rest_route=\/wp\/v2\/pages"}],"about":[{"href":"https:\/\/congress.smm.org.mk\/index.php?rest_route=\/wp\/v2\/types\/page"}],"author":[{"embeddable":true,"href":"https:\/\/congress.smm.org.mk\/index.php?rest_route=\/wp\/v2\/users\/1"}],"replies":[{"embeddable":true,"href":"https:\/\/congress.smm.org.mk\/index.php?rest_route=%2Fwp%2Fv2%2Fcomments&post=130"}],"version-history":[{"count":52,"href":"https:\/\/congress.smm.org.mk\/index.php?rest_route=\/wp\/v2\/pages\/130\/revisions"}],"predecessor-version":[{"id":1160,"href":"https:\/\/congress.smm.org.mk\/index.php?rest_route=\/wp\/v2\/pages\/130\/revisions\/1160"}],"up":[{"embeddable":true,"href":"https:\/\/congress.smm.org.mk\/index.php?rest_route=\/wp\/v2\/pages\/65"}],"wp:attachment":[{"href":"https:\/\/congress.smm.org.mk\/index.php?rest_route=%2Fwp%2Fv2%2Fmedia&parent=130"}],"curies":[{"name":"wp","href":"https:\/\/api.w.org\/{rel}","templated":true}]}}